{"id":7607,"date":"2010-08-23T19:18:31","date_gmt":"2010-08-23T19:18:31","guid":{"rendered":"http:\/\/www.dennisschuetze.de\/ds\/?page_id=2"},"modified":"2020-12-21T15:22:01","modified_gmt":"2020-12-21T13:22:01","slug":"person","status":"publish","type":"page","link":"https:\/\/dennisschuetze.de\/blog\/person\/","title":{"rendered":"Person"},"content":{"rendered":"<p>Dennis Sch\u00fctze (*1972) ist Gitarrist, S\u00e4nger, Songschreiber, (Reise-)Blogger, Rezensent, Publizist, Produzent, Instrumentalp\u00e4dagoge (Dipl.) und promovierter Musikforscher (MA).<br \/>\nEr ist Kopf der Bands &#8222;Dennis Sch\u00fctze Combo&#8220;, der &#8222;Musikstudenten&#8220;, &#8222;Du &amp; Ich&#8220; und &#8222;Will Handsome&#8220; und Initiator und Moderator der Musiktalkshow &#8222;My Favourite Tracks&#8220;.<\/p>\n<p>Zusammenarbeiten mit\/f\u00fcr: Sandra Buchner, Nina Clarissa Frenzel, Christof Balling, Jochen Volpert, Jan Hees, Andreas Obieglo, Richard Roblee, Fritz Wenzel, Vladimir Strecker, Stefan Hetzel, Bettina Schmitt, Florian Sieber, Michael Rau, Michael Hanf, Prof. Dr. Christoph W\u00fcnsch etc.<\/p>\n<p>Dennis Sch\u00fctze hat mehr als 60 LP- &amp; EP-Alben, unz\u00e4hlige Singletracks sowie viele Musikvideos produziert und steht in verschiedenen Besetzungen regelm\u00e4\u00dfig auf der B\u00fchne. Er lebt und arbeitet in W\u00fcrzburg.<\/p>\n","protected":false},"excerpt":{"rendered":"<p>Dennis Sch\u00fctze (*1972) ist Gitarrist, S\u00e4nger, Songschreiber, (Reise-)Blogger, Rezensent, Publizist, Produzent, Instrumentalp\u00e4dagoge (Dipl.) und promovierter Musikforscher (MA). Er ist Kopf der Bands &#8222;Dennis Sch\u00fctze Combo&#8220;, der &#8222;Musikstudenten&#8220;, &#8222;Du &amp; Ich&#8220; und &#8222;Will Handsome&#8220; und Initiator und Moderator der Musiktalkshow &#8222;My &hellip; <a href=\"https:\/\/dennisschuetze.de\/blog\/person\/\">Weiterlesen <span class=\"meta-nav\">&rarr;<\/span><\/a><\/p>\n","protected":false},"author":2,"featured_media":0,"parent":0,"menu_order":0,"comment_status":"closed","ping_status":"open","template":"","meta":[],"_links":{"self":[{"href":"https:\/\/dennisschuetze.de\/blog\/wp-json\/wp\/v2\/pages\/7607"}],"collection":[{"href":"https:\/\/dennisschuetze.de\/blog\/wp-json\/wp\/v2\/pages"}],"about":[{"href":"https:\/\/dennisschuetze.de\/blog\/wp-json\/wp\/v2\/types\/page"}],"author":[{"embeddable":true,"href":"https:\/\/dennisschuetze.de\/blog\/wp-json\/wp\/v2\/users\/2"}],"replies":[{"embeddable":true,"href":"https:\/\/dennisschuetze.de\/blog\/wp-json\/wp\/v2\/comments?post=7607"}],"version-history":[{"count":3,"href":"https:\/\/dennisschuetze.de\/blog\/wp-json\/wp\/v2\/pages\/7607\/revisions"}],"predecessor-version":[{"id":8246,"href":"https:\/\/dennisschuetze.de\/blog\/wp-json\/wp\/v2\/pages\/7607\/revisions\/8246"}],"wp:attachment":[{"href":"https:\/\/dennisschuetze.de\/blog\/wp-json\/wp\/v2\/media?parent=7607"}],"curies":[{"name":"wp","href":"https:\/\/api.w.org\/{rel}","templated":true}]}}